{"id":9504,"date":"2024-02-07T10:48:24","date_gmt":"2024-02-07T09:48:24","guid":{"rendered":"https:\/\/confraternitadelsagrantino.it\/?page_id=9504"},"modified":"2024-02-14T11:28:43","modified_gmt":"2024-02-14T10:28:43","slug":"documenti-storici","status":"publish","type":"page","link":"https:\/\/confraternitadelsagrantino.it\/index.php\/documenti-storici\/","title":{"rendered":"Documenti storici"},"content":{"rendered":"<div class=\"wpb-content-wrapper\"><p>[vc_row full_width=&#8221;stretch_row_content_no_spaces&#8221; css=&#8221;.vc_custom_1628059006936{margin-bottom: 80px !important;}&#8221; woodmart_css_id=&#8221;610a3577a28c8&#8243; responsive_spacing=&#8221;eyJwYXJhbV90eXBlIjoid29vZG1hcnRfcmVzcG9uc2l2ZV9zcGFjaW5nIiwic2VsZWN0b3JfaWQiOiI2MTBhMzU3N2EyOGM4Iiwic2hvcnRjb2RlIjoidmNfcm93IiwiZGF0YSI6eyJ0YWJsZXQiOnsibWFyZ2luLWJvdHRvbSI6IjcwIn0sIm1vYmlsZSI6eyJtYXJnaW4tYm90dG9tIjoiNDAifX19&#8243; mobile_bg_img_hidden=&#8221;no&#8221; tablet_bg_img_hidden=&#8221;no&#8221; woodmart_parallax=&#8221;0&#8243; woodmart_gradient_switch=&#8221;no&#8221; row_reverse_mobile=&#8221;0&#8243; row_reverse_tablet=&#8221;0&#8243; woodmart_disable_overflow=&#8221;0&#8243;][vc_column][rev_slider_vc alias=&#8221;slider-food&#8221;][\/vc_column][\/vc_row][vc_row][vc_column width=&#8221;1\/4&#8243;][vc_single_image image=&#8221;9508&#8243; parallax_scroll=&#8221;no&#8221; woodmart_inline=&#8221;no&#8221;][vc_single_image image=&#8221;9507&#8243; parallax_scroll=&#8221;no&#8221; woodmart_inline=&#8221;no&#8221;][vc_single_image image=&#8221;9506&#8243; parallax_scroll=&#8221;no&#8221; woodmart_inline=&#8221;no&#8221;][vc_single_image image=&#8221;9505&#8243; parallax_scroll=&#8221;no&#8221; woodmart_inline=&#8221;no&#8221;][\/vc_column][vc_column width=&#8221;3\/4&#8243;][vc_column_text woodmart_inline=&#8221;no&#8221; text_larger=&#8221;no&#8221;]<\/p>\n<h2><span class=\"testobase\"><span class=\"testobase13\">Documenti storici<br \/>\n<\/span><br \/>\n<\/span><\/h2>\n<div>\n<table width=\"\" align=\"\">\n<tbody>\n<tr>\n<td colspan=\"1\"><span class=\"testobase\"><span class=\"titoloVinaccia11\">Pagine tratte da Historiae Naturalis di Plinio Il Vecchio<\/span><br \/>\nIn questo documento si nomina l&#8217;uva Irtiola come vitigno tipico del bevanate, identificabile, forse, con l&#8217;uva Sagrantino.<br \/>\n<\/span><a href=\"userImages\/webfiles\/documenti-storici\/plinio%20il%20vecchio.pdf\" target=\"_blank\" rel=\"noopener\"><img decoding=\"async\" src=\"..\/www.confraternitadelsagrantino.it\/userImages\/webfiles\/download-chiaro.jpg\" alt=\"\" align=\"\" border=\"0\" \/><\/a><\/td>\n<\/tr>\n<tr>\n<td>\n<div><\/div>\n<div align=\"justify\"><span class=\"testobase\"><span class=\"titoloVinaccia11\">Traduzione dal latino nel volgare di alcune Bolle Pontificie dell&#8217;anno 1692<\/span><br \/>\nIn questo documento sono riportate alcune norme che regolano l&#8217;attivit\u00e0 nei vigneti nella terra di Montefalco<\/span>.<br \/>\n<a href=\"userImages\/webfiles\/documenti-storici\/bolle%20pontificie%201692.pdf\"><span class=\"testobase\"><img decoding=\"async\" src=\"..\/www.confraternitadelsagrantino.it\/userImages\/webfiles\/download-chiaro.jpg\" alt=\"\" align=\"\" border=\"0\" \/><\/span><\/a><\/div>\n<\/td>\n<\/tr>\n<tr>\n<td colspan=\"1\"><span class=\"testobase\"><span class=\"titoloVinaccia11\">La coltivazione della vite e la produzione del vino a Montefalco attraverso i secoli<\/span><br \/>\nIn questo prezioso studio lo storico Silvestro Nessi ripercorre la misteriosa storia del Sagrantino.\u00a0<\/span><span class=\"testobase\">Da\u00a0<a class=\"linkTestobase\" href=\"http:\/\/www.montefalcodoc.it\/\" target=\"_blank\" rel=\"noopener\">www.montefalcodoc.it<\/a><\/span><br \/>\n<a href=\"userImages\/webfiles\/documenti-storici\/vite-e-vino-a-montefalco-nei-secoli.pdf\" target=\"_blank\" rel=\"noopener\"><span class=\"testobase\"><img decoding=\"async\" src=\"..\/www.confraternitadelsagrantino.it\/userImages\/webfiles\/download-chiaro.jpg\" alt=\"\" align=\"\" border=\"0\" \/><\/span><\/a><\/td>\n<\/tr>\n<tr>\n<td colspan=\"1\"><span class=\"testobase\"><span class=\"titoloVinaccia11\">Mostra regionale di vini e olii &#8211; Montefalco 1925<\/span><br \/>\n<\/span><\/p>\n<div align=\"justify\"><span class=\"testobase\">Si tratta di un documento di grande importanza per comprendere le dinamiche che hanno da sempre attraversato Montefalco come \u201ccentro enologico pi\u00f9 importante dell\u2019Umbria\u201d, un centro conscio delle sue grandi ricchezze ma anche delle difficolt\u00e0 da superare e della parziale arretratezza\u00a0 che interessava ancora l\u2019agricoltura negli anni successivi al primo conflitto mondiale.<\/span><\/div>\n<p><a href=\"userImages\/webfiles\/documenti-storici\/articolo-mostra-vini-olii-1925.pdf\" target=\"_blank\" rel=\"noopener\"><span class=\"testobase\"><img decoding=\"async\" src=\"..\/www.confraternitadelsagrantino.it\/userImages\/webfiles\/download-chiaro.jpg\" alt=\"\" align=\"\" border=\"0\" \/><\/span><\/a><\/td>\n<\/tr>\n<tr>\n<td colspan=\"1\"><span class=\"testobase\"><span class=\"titoloVinaccia11\">Il primo riconoscimento ufficiale del Sagrantino:<br \/>\nl&#8217;Esposizione Umbra di Perugia del 1899<\/span><br \/>\n<\/span><\/p>\n<div align=\"justify\">\n<div align=\"justify\"><span class=\"testobase\">La realt\u00e0 di Montefalco come centro enologico di rilievo, custode attento e al contempo generoso dispensatore del gioiello che nasce nelle sue vigne, \u00e8 ormai un fatto assodato; ma il cammino fatto \u00e8 stato indubbiamente lungo e sicuramente pi\u00f9 impervio delle dolci colline che da secoli custodiscono il tesoro enologico della nostra Regione.<\/span><\/div>\n<\/div>\n<p><a href=\"userImages\/webfiles\/documenti-storici\/esposizione-umbra-di-perugia-1899.pdf\" target=\"_blank\" rel=\"noopener\"><span class=\"testobase\"><img decoding=\"async\" src=\"..\/www.confraternitadelsagrantino.it\/userImages\/webfiles\/download-chiaro.jpg\" alt=\"\" align=\"\" border=\"0\" \/><\/span><\/a><\/td>\n<\/tr>\n<\/tbody>\n<\/table>\n<\/div>\n<p>[\/vc_column_text][\/vc_column][\/vc_row]<\/p>\n<\/div>","protected":false},"excerpt":{"rendered":"<p>[vc_row full_width=&#8221;stretch_row_content_no_spaces&#8221; css=&#8221;.vc_custom_1628059006936{margin-bottom: 80px !important;}&#8221; woodmart_css_id=&#8221;610a3577a28c8&#8243; responsive_spacing=&#8221;eyJwYXJhbV90eXBlIjoid29vZG1hcnRfcmVzcG9uc2l2ZV9zcGFjaW5nIiwic2VsZWN0b3JfaWQiOiI2MTBhMzU3N2EyOGM4Iiwic2hvcnRjb2RlIjoidmNfcm93IiwiZGF0YSI6eyJ0YWJsZXQiOnsibWFyZ2luLWJvdHRvbSI6IjcwIn0sIm1vYmlsZSI6eyJtYXJnaW4tYm90dG9tIjoiNDAifX19&#8243; mobile_bg_img_hidden=&#8221;no&#8221; tablet_bg_img_hidden=&#8221;no&#8221; woodmart_parallax=&#8221;0&#8243; woodmart_gradient_switch=&#8221;no&#8221; row_reverse_mobile=&#8221;0&#8243; row_reverse_tablet=&#8221;0&#8243; woodmart_disable_overflow=&#8221;0&#8243;][vc_column][rev_slider_vc alias=&#8221;slider-food&#8221;][\/vc_column][\/vc_row][vc_row][vc_column width=&#8221;1\/4&#8243;][vc_single_image image=&#8221;9508&#8243; parallax_scroll=&#8221;no&#8221; woodmart_inline=&#8221;no&#8221;][vc_single_image image=&#8221;9507&#8243;<\/p>\n","protected":false},"author":1,"featured_media":0,"parent":0,"menu_order":0,"comment_status":"closed","ping_status":"closed","template":"","meta":{"footnotes":""},"class_list":["post-9504","page","type-page","status-publish","hentry"],"_links":{"self":[{"href":"https:\/\/confraternitadelsagrantino.it\/index.php\/wp-json\/wp\/v2\/pages\/9504","targetHints":{"allow":["GET"]}}],"collection":[{"href":"https:\/\/confraternitadelsagrantino.it\/index.php\/wp-json\/wp\/v2\/pages"}],"about":[{"href":"https:\/\/confraternitadelsagrantino.it\/index.php\/wp-json\/wp\/v2\/types\/page"}],"author":[{"embeddable":true,"href":"https:\/\/confraternitadelsagrantino.it\/index.php\/wp-json\/wp\/v2\/users\/1"}],"replies":[{"embeddable":true,"href":"https:\/\/confraternitadelsagrantino.it\/index.php\/wp-json\/wp\/v2\/comments?post=9504"}],"version-history":[{"count":1,"href":"https:\/\/confraternitadelsagrantino.it\/index.php\/wp-json\/wp\/v2\/pages\/9504\/revisions"}],"predecessor-version":[{"id":9509,"href":"https:\/\/confraternitadelsagrantino.it\/index.php\/wp-json\/wp\/v2\/pages\/9504\/revisions\/9509"}],"wp:attachment":[{"href":"https:\/\/confraternitadelsagrantino.it\/index.php\/wp-json\/wp\/v2\/media?parent=9504"}],"curies":[{"name":"wp","href":"https:\/\/api.w.org\/{rel}","templated":true}]}}