{"id":9563,"date":"2024-02-07T11:57:15","date_gmt":"2024-02-07T10:57:15","guid":{"rendered":"https:\/\/confraternitadelsagrantino.it\/?page_id=9563"},"modified":"2024-02-14T11:28:43","modified_gmt":"2024-02-14T10:28:43","slug":"pubblicazioni-sul-sagrantino","status":"publish","type":"page","link":"https:\/\/confraternitadelsagrantino.it\/index.php\/pubblicazioni-sul-sagrantino\/","title":{"rendered":"Pubblicazioni sul Sagrantino"},"content":{"rendered":"<div class=\"wpb-content-wrapper\"><p>[vc_row full_width=&#8221;stretch_row_content_no_spaces&#8221; css=&#8221;.vc_custom_1628059006936{margin-bottom: 80px !important;}&#8221; woodmart_css_id=&#8221;610a3577a28c8&#8243; responsive_spacing=&#8221;eyJwYXJhbV90eXBlIjoid29vZG1hcnRfcmVzcG9uc2l2ZV9zcGFjaW5nIiwic2VsZWN0b3JfaWQiOiI2MTBhMzU3N2EyOGM4Iiwic2hvcnRjb2RlIjoidmNfcm93IiwiZGF0YSI6eyJ0YWJsZXQiOnsibWFyZ2luLWJvdHRvbSI6IjcwIn0sIm1vYmlsZSI6eyJtYXJnaW4tYm90dG9tIjoiNDAifX19&#8243; mobile_bg_img_hidden=&#8221;no&#8221; tablet_bg_img_hidden=&#8221;no&#8221; woodmart_parallax=&#8221;0&#8243; woodmart_gradient_switch=&#8221;no&#8221; row_reverse_mobile=&#8221;0&#8243; row_reverse_tablet=&#8221;0&#8243; woodmart_disable_overflow=&#8221;0&#8243;][vc_column][rev_slider_vc alias=&#8221;slider-food&#8221;][\/vc_column][\/vc_row][vc_row][vc_column]\n\t\t<div id=\"wd-65cc8906cca62\" class=\"title-wrapper wd-wpb wd-set-mb reset-last-child  wd-rs-65cc8906cca62 wd-title-color-default wd-title-style-default text-center  wd-underline-colored\">\n\t\t\t\n\t\t\t<div class=\"liner-continer\">\n\t\t\t\t<h4 class=\"woodmart-title-container title  wd-font-weight-600 wd-fontsize-l\" >Pubblicazioni sul Sagrantino<\/h4>\n\t\t\t\t\t\t\t<\/div>\n\t\t\t\n\t\t\t\n\t\t\t\n\t\t<\/div>\n\t\t\n\t\t[\/vc_column][\/vc_row][vc_row][vc_column][vc_column_text woodmart_inline=&#8221;no&#8221; text_larger=&#8221;no&#8221;]<\/p>\n<table width=\"\" align=\"\">\n<tbody>\n<tr>\n<td>\n<div>\n<p><span class=\"testobase13\"><br \/>\n<br class=\"testobase\" \/><\/span><\/p>\n<table width=\"\" align=\"\">\n<tbody>\n<tr>\n<td><\/td>\n<td><span class=\"testobase9\"><span class=\"testobase9\"><span class=\"titoloVinaccia13\"><img loading=\"lazy\" decoding=\"async\" class=\"size-medium wp-image-9566 alignleft\" src=\"https:\/\/confraternitadelsagrantino.it\/wp-content\/uploads\/2024\/02\/il-sagrantino-di-montefalco-roberto-spera-202x300.jpg\" alt=\"\" width=\"202\" height=\"300\" srcset=\"https:\/\/confraternitadelsagrantino.it\/wp-content\/uploads\/2024\/02\/il-sagrantino-di-montefalco-roberto-spera-202x300.jpg 202w, https:\/\/confraternitadelsagrantino.it\/wp-content\/uploads\/2024\/02\/il-sagrantino-di-montefalco-roberto-spera.jpg 220w\" sizes=\"auto, (max-width: 202px) 100vw, 202px\" \/><\/span><\/span><\/span><\/p>\n<p><span class=\"testobase9\"><span class=\"testobase9\"><span class=\"titoloVinaccia13\">Il Sagrantino di Montefalco<\/span><br \/>\nViaggio in un territorio e tra la gente del vino<\/span><\/span>Roberto Spera<br \/>\n2005 &#8211; Ali&amp;no Editrice &#8211; Perugia<\/p>\n<p><span class=\"testobase9\">Da questo viaggio emerge un\u2019Umbria incantata, ferma nelle sue tradizioni, grande nella sua pacifica lontananza dalla frenetica vita cittadina.<\/span><\/td>\n<\/tr>\n<\/tbody>\n<\/table>\n<p><span class=\"testobase13\"><span class=\"testobase\"><br \/>\nDa questo viaggio emerge un\u2019Umbria incantata, ferma nelle sue tradizioni, grande nella sua pacifica lontananza dalla frenetica vita cittadina.<br \/>\nIl Sagrantino sembra affermare in ogni dove la sua unicit\u00e0: unico il suo rapporto indissolubile con il territorio che lo ospita chiss\u00e0 da quando, forse da sempre; unico per il suo frutto che \u00e8 di una ricchezza straordinaria superiore a qualsiasi altro conosciuto, e lo \u00e8 nelle componenti nobili, quelle che danno carattere e struttura al vino; unico perch\u00e9 a seguito delle ricerche effettuate sulla mappatura del Dna del Sagrantino non \u00e8 stata trovata alcuna somiglianza parentale con altri vitigni.<br \/>\nUna unicit\u00e0 che \u00e8 anche complessit\u00e0. Nel percorso fra le cantine emerge lo sforzo di capire e affrontare questo vitigno sconosciuto ed esuberante in vigna e in cantina.<br \/>\nAllo studio oggi la selezione clonale, il sistema di allevamento, la densit\u00e0 di impianto, tutto quanto possa consentire alla pianta di esprimere al massimo le proprie enormi potenzialit\u00e0; accanto i processi di vinificazione, la maturazione polifenolica, le tecniche di cantina per rendere questo vino sempre pi\u00f9 elegante e nobile. Due vie apparentemente separate che quando troveranno la loro conclusione completeranno la conoscenza dell\u2019intero processo di produzione del Sagrantino, rendendo questo vino, gi\u00e0 grande, grandissimo.<\/span><\/span><\/p>\n<p>DELLO STESSO AUTORE<\/p>\n<table width=\"\" align=\"\">\n<tbody>\n<tr>\n<td><span class=\"testobase13\"><span class=\"testobase\">Roberto Spera<\/span><\/span><\/td>\n<td rowspan=\"1\"><span class=\"testobase13\"><span class=\"testobase\">Montepulciano d&#8217;Abruzzo<\/span><\/span><\/td>\n<\/tr>\n<tr>\n<td><span class=\"testobase13\"><span class=\"testobase\">Roberto Spera<\/span><\/span><\/td>\n<td rowspan=\"1\"><span class=\"testobase13\"><span class=\"testobase\">I vini dei Castelli Romani<\/span><\/span><\/td>\n<\/tr>\n<tr>\n<td><span class=\"testobase13\"><span class=\"testobase\">Roberto Spera<\/span><\/span><\/td>\n<td rowspan=\"1\"><span class=\"testobase13\"><span class=\"testobase\">I vini dell\u2019agrigentino<\/span><\/span><\/td>\n<\/tr>\n<tr>\n<td><span class=\"testobase13\"><span class=\"testobase\">Roberto Spera<\/span><\/span><\/td>\n<td rowspan=\"1\"><span class=\"testobase13\"><span class=\"testobase\">Il Collio \u00e8&#8230;<\/span><\/span><\/td>\n<\/tr>\n<tr>\n<td><span class=\"testobase13\"><span class=\"testobase\">Roberto Spera<\/span><\/span><\/td>\n<td rowspan=\"1\"><span class=\"testobase13\"><span class=\"testobase\">Vini\u00a0in\u00a0Langa<\/span><\/span><\/td>\n<\/tr>\n<\/tbody>\n<\/table>\n<\/div>\n<\/td>\n<td>\n<div align=\"right\"><\/div>\n<\/td>\n<\/tr>\n<\/tbody>\n<\/table>\n<p>[\/vc_column_text][\/vc_column][\/vc_row]<\/p>\n<\/div>","protected":false},"excerpt":{"rendered":"<p>[vc_row full_width=&#8221;stretch_row_content_no_spaces&#8221; css=&#8221;.vc_custom_1628059006936{margin-bottom: 80px !important;}&#8221; woodmart_css_id=&#8221;610a3577a28c8&#8243; responsive_spacing=&#8221;eyJwYXJhbV90eXBlIjoid29vZG1hcnRfcmVzcG9uc2l2ZV9zcGFjaW5nIiwic2VsZWN0b3JfaWQiOiI2MTBhMzU3N2EyOGM4Iiwic2hvcnRjb2RlIjoidmNfcm93IiwiZGF0YSI6eyJ0YWJsZXQiOnsibWFyZ2luLWJvdHRvbSI6IjcwIn0sIm1vYmlsZSI6eyJtYXJnaW4tYm90dG9tIjoiNDAifX19&#8243; mobile_bg_img_hidden=&#8221;no&#8221; tablet_bg_img_hidden=&#8221;no&#8221; woodmart_parallax=&#8221;0&#8243; woodmart_gradient_switch=&#8221;no&#8221; row_reverse_mobile=&#8221;0&#8243; row_reverse_tablet=&#8221;0&#8243; woodmart_disable_overflow=&#8221;0&#8243;][vc_column][rev_slider_vc alias=&#8221;slider-food&#8221;][\/vc_column][\/vc_row][vc_row][vc_column][\/vc_column][\/vc_row][vc_row][vc_column][vc_column_text woodmart_inline=&#8221;no&#8221; text_larger=&#8221;no&#8221;] Il Sagrantino di<\/p>\n","protected":false},"author":1,"featured_media":0,"parent":0,"menu_order":0,"comment_status":"closed","ping_status":"closed","template":"","meta":{"footnotes":""},"class_list":["post-9563","page","type-page","status-publish","hentry"],"_links":{"self":[{"href":"https:\/\/confraternitadelsagrantino.it\/index.php\/wp-json\/wp\/v2\/pages\/9563","targetHints":{"allow":["GET"]}}],"collection":[{"href":"https:\/\/confraternitadelsagrantino.it\/index.php\/wp-json\/wp\/v2\/pages"}],"about":[{"href":"https:\/\/confraternitadelsagrantino.it\/index.php\/wp-json\/wp\/v2\/types\/page"}],"author":[{"embeddable":true,"href":"https:\/\/confraternitadelsagrantino.it\/index.php\/wp-json\/wp\/v2\/users\/1"}],"replies":[{"embeddable":true,"href":"https:\/\/confraternitadelsagrantino.it\/index.php\/wp-json\/wp\/v2\/comments?post=9563"}],"version-history":[{"count":5,"href":"https:\/\/confraternitadelsagrantino.it\/index.php\/wp-json\/wp\/v2\/pages\/9563\/revisions"}],"predecessor-version":[{"id":9635,"href":"https:\/\/confraternitadelsagrantino.it\/index.php\/wp-json\/wp\/v2\/pages\/9563\/revisions\/9635"}],"wp:attachment":[{"href":"https:\/\/confraternitadelsagrantino.it\/index.php\/wp-json\/wp\/v2\/media?parent=9563"}],"curies":[{"name":"wp","href":"https:\/\/api.w.org\/{rel}","templated":true}]}}